{"id":2059,"date":"2020-12-20T13:47:15","date_gmt":"2020-12-20T13:47:15","guid":{"rendered":"https:\/\/dieta-fit.eu\/?post_type=product&#038;p=2059"},"modified":"2021-05-13T11:59:42","modified_gmt":"2021-05-13T11:59:42","slug":"consultatie-nutritionala-initiala","status":"publish","type":"product","link":"https:\/\/dieta-fit.eu\/en\/product\/consultatie-nutritionala-initiala\/","title":{"rendered":"Initial nutritional consultation"},"content":{"rendered":"<ul>\n<li>Asisten\u021ba pe care o ofer \u00eencepe cu o \u00eent\u00e2lnire de apel video de 60 de minute;<\/li>\n<li>Completarea anamnezei (chestionarul ini\u021bial) \u0219i comunicarea jurnalului alimentar;<\/li>\n<li>The session is meant to get to know your lifestyle and food preferences in detail.<\/li>\n<li>Vom identifica cum s-a dezvoltat rela\u021bia ta cu alimentele;<\/li>\n<li>Te voi ajuta cu urm\u0103torii pa\u0219i corespunz\u0103tori nevoilor tale;<\/li>\n<li>\u00cen urma acestei \u0219edin\u021be, \u00ee\u021bi voi transmite planul nutri\u021bional personalizat.<\/li>\n<\/ul>\n<p>This product is only for new clients.<\/p>","protected":false},"excerpt":{"rendered":"<p>Asisten\u021ba, jurnalul alimentar, cunoasterea stilului de via\u021b\u0103 \u0219i a preferin\u021belor alimentare, \u00eentocmirea \u0219i transmiterea planului nutri\u021bional.<\/p>","protected":false},"featured_media":2060,"comment_status":"closed","ping_status":"closed","template":"","meta":{"_uag_custom_page_level_css":""},"product_cat":[15],"product_tag":[30,29,31],"yoast_head":"<!-- This site is optimized with the Yoast SEO plugin v22.6 - https:\/\/yoast.com\/wordpress\/plugins\/seo\/ -->\n<title>Consulta\u021bie nutri\u021bional\u0103 ini\u021bial\u0103 - Diana Serghe<\/title>\n<meta name=\"description\" content=\"Asisten\u021ba, jurnalul alimentar, cunoaterea stilului de via\u021b\u0103 \u0219i a preferin\u021belor alimentare, \u00eentocmirea \u0219i transmiterea planului nutri\u021bional.\" \/>\n<meta name=\"robots\" content=\"index, follow, max-snippet:-1, max-image-preview:large, max-video-preview:-1\" \/>\n<link rel=\"canonical\" href=\"https:\/\/dieta-fit.eu\/en\/product\/consultatie-nutritionala-initiala\/\" \/>\n<meta property=\"og:locale\" content=\"en_US\" \/>\n<meta property=\"og:type\" content=\"article\" \/>\n<meta property=\"og:title\" content=\"Consulta\u021bie nutri\u021bional\u0103 ini\u021bial\u0103 - Diana Serghe\" \/>\n<meta property=\"og:description\" content=\"Asisten\u021ba, jurnalul alimentar, cunoaterea stilului de via\u021b\u0103 \u0219i a preferin\u021belor alimentare, \u00eentocmirea \u0219i transmiterea planului nutri\u021bional.\" \/>\n<meta property=\"og:url\" content=\"https:\/\/dieta-fit.eu\/en\/product\/consultatie-nutritionala-initiala\/\" \/>\n<meta property=\"og:site_name\" content=\"Diana Serghe\" \/>\n<meta property=\"article:publisher\" content=\"https:\/\/www.facebook.com\/Nutritie\/\" \/>\n<meta property=\"article:modified_time\" content=\"2021-05-13T11:59:42+00:00\" \/>\n<meta property=\"og:image\" content=\"https:\/\/dieta-fit.eu\/wp-content\/uploads\/2020\/12\/consultatie-nutritionala-initiala-shop-scaled.jpg\" \/>\n\t<meta property=\"og:image:width\" content=\"2560\" \/>\n\t<meta property=\"og:image:height\" content=\"1700\" \/>\n\t<meta property=\"og:image:type\" content=\"image\/jpeg\" \/>\n<meta name=\"twitter:card\" content=\"summary_large_image\" \/>\n<meta name=\"twitter:label1\" content=\"Est. reading time\" \/>\n\t<meta name=\"twitter:data1\" content=\"1 minute\" \/>\n<script type=\"application\/ld+json\" class=\"yoast-schema-graph\">{\"@context\":\"https:\/\/schema.org\",\"@graph\":[{\"@type\":\"WebPage\",\"@id\":\"https:\/\/dieta-fit.eu\/product\/consultatie-nutritionala-initiala\/\",\"url\":\"https:\/\/dieta-fit.eu\/product\/consultatie-nutritionala-initiala\/\",\"name\":\"Consulta\u021bie nutri\u021bional\u0103 ini\u021bial\u0103 - Diana Serghe\",\"isPartOf\":{\"@id\":\"https:\/\/dieta-fit.eu\/en\/#website\"},\"primaryImageOfPage\":{\"@id\":\"https:\/\/dieta-fit.eu\/product\/consultatie-nutritionala-initiala\/#primaryimage\"},\"image\":{\"@id\":\"https:\/\/dieta-fit.eu\/product\/consultatie-nutritionala-initiala\/#primaryimage\"},\"thumbnailUrl\":\"https:\/\/dieta-fit.eu\/wp-content\/uploads\/2020\/12\/consultatie-nutritionala-initiala-shop-scaled.jpg\",\"datePublished\":\"2020-12-20T13:47:15+00:00\",\"dateModified\":\"2021-05-13T11:59:42+00:00\",\"description\":\"Asisten\u021ba, jurnalul alimentar, cunoaterea stilului de via\u021b\u0103 \u0219i a preferin\u021belor alimentare, \u00eentocmirea \u0219i transmiterea planului nutri\u021bional.\",\"breadcrumb\":{\"@id\":\"https:\/\/dieta-fit.eu\/product\/consultatie-nutritionala-initiala\/#breadcrumb\"},\"inLanguage\":\"en-US\",\"potentialAction\":[{\"@type\":\"ReadAction\",\"target\":[\"https:\/\/dieta-fit.eu\/product\/consultatie-nutritionala-initiala\/\"]}]},{\"@type\":\"ImageObject\",\"inLanguage\":\"en-US\",\"@id\":\"https:\/\/dieta-fit.eu\/product\/consultatie-nutritionala-initiala\/#primaryimage\",\"url\":\"https:\/\/dieta-fit.eu\/wp-content\/uploads\/2020\/12\/consultatie-nutritionala-initiala-shop-scaled.jpg\",\"contentUrl\":\"https:\/\/dieta-fit.eu\/wp-content\/uploads\/2020\/12\/consultatie-nutritionala-initiala-shop-scaled.jpg\",\"width\":2560,\"height\":1700,\"caption\":\"consultatie-nutritionala\"},{\"@type\":\"BreadcrumbList\",\"@id\":\"https:\/\/dieta-fit.eu\/product\/consultatie-nutritionala-initiala\/#breadcrumb\",\"itemListElement\":[{\"@type\":\"ListItem\",\"position\":1,\"name\":\"Home\",\"item\":\"https:\/\/dieta-fit.eu\/\"},{\"@type\":\"ListItem\",\"position\":2,\"name\":\"SHOP\",\"item\":\"https:\/\/dieta-fit.eu\/en\/shop\/\"},{\"@type\":\"ListItem\",\"position\":3,\"name\":\"Consulta\u021bie nutri\u021bional\u0103 ini\u021bial\u0103\"}]},{\"@type\":\"WebSite\",\"@id\":\"https:\/\/dieta-fit.eu\/en\/#website\",\"url\":\"https:\/\/dieta-fit.eu\/en\/\",\"name\":\"Diana Serghe\",\"description\":\"Conectarea la s\u0103n\u0103tate prin nutri\u021bie\",\"publisher\":{\"@id\":\"https:\/\/dieta-fit.eu\/en\/#organization\"},\"potentialAction\":[{\"@type\":\"SearchAction\",\"target\":{\"@type\":\"EntryPoint\",\"urlTemplate\":\"https:\/\/dieta-fit.eu\/en\/?s={search_term_string}\"},\"query-input\":\"required name=search_term_string\"}],\"inLanguage\":\"en-US\"},{\"@type\":\"Organization\",\"@id\":\"https:\/\/dieta-fit.eu\/en\/#organization\",\"name\":\"Nutri\u021bionist Online\",\"url\":\"https:\/\/dieta-fit.eu\/en\/\",\"logo\":{\"@type\":\"ImageObject\",\"inLanguage\":\"en-US\",\"@id\":\"https:\/\/dieta-fit.eu\/en\/#\/schema\/logo\/image\/\",\"url\":\"https:\/\/dieta-fit.eu\/wp-content\/uploads\/2020\/12\/Logo3-1.png\",\"contentUrl\":\"https:\/\/dieta-fit.eu\/wp-content\/uploads\/2020\/12\/Logo3-1.png\",\"width\":1400,\"height\":2047,\"caption\":\"Nutri\u021bionist Online\"},\"image\":{\"@id\":\"https:\/\/dieta-fit.eu\/en\/#\/schema\/logo\/image\/\"},\"sameAs\":[\"https:\/\/www.facebook.com\/Nutritie\/\",\"https:\/\/www.instagram.com\/nutritie.dieta.fit\/\"]}]}<\/script>\n<!-- \/ Yoast SEO plugin. -->","yoast_head_json":{"title":"Consulta\u021bie nutri\u021bional\u0103 ini\u021bial\u0103 - Diana Serghe","description":"Assistance, food diary, knowing the lifestyle and  food preferences, preparation and transmission of the nutrition plan","robots":{"index":"index","follow":"follow","max-snippet":"max-snippet:-1","max-image-preview":"max-image-preview:large","max-video-preview":"max-video-preview:-1"},"canonical":"https:\/\/dieta-fit.eu\/en\/product\/consultatie-nutritionala-initiala\/","og_locale":"en_US","og_type":"article","og_title":"Consulta\u021bie nutri\u021bional\u0103 ini\u021bial\u0103 - Diana Serghe","og_description":"Asisten\u021ba, jurnalul alimentar, cunoaterea stilului de via\u021b\u0103 \u0219i a preferin\u021belor alimentare, \u00eentocmirea \u0219i transmiterea planului nutri\u021bional.","og_url":"https:\/\/dieta-fit.eu\/en\/product\/consultatie-nutritionala-initiala\/","og_site_name":"Diana Serghe","article_publisher":"https:\/\/www.facebook.com\/Nutritie\/","article_modified_time":"2021-05-13T11:59:42+00:00","og_image":[{"width":2560,"height":1700,"url":"https:\/\/dieta-fit.eu\/wp-content\/uploads\/2020\/12\/consultatie-nutritionala-initiala-shop-scaled.jpg","type":"image\/jpeg"}],"twitter_card":"summary_large_image","twitter_misc":{"Est. reading time":"1 minute"},"schema":{"@context":"https:\/\/schema.org","@graph":[{"@type":"WebPage","@id":"https:\/\/dieta-fit.eu\/product\/consultatie-nutritionala-initiala\/","url":"https:\/\/dieta-fit.eu\/product\/consultatie-nutritionala-initiala\/","name":"Consulta\u021bie nutri\u021bional\u0103 ini\u021bial\u0103 - Diana Serghe","isPartOf":{"@id":"https:\/\/dieta-fit.eu\/en\/#website"},"primaryImageOfPage":{"@id":"https:\/\/dieta-fit.eu\/product\/consultatie-nutritionala-initiala\/#primaryimage"},"image":{"@id":"https:\/\/dieta-fit.eu\/product\/consultatie-nutritionala-initiala\/#primaryimage"},"thumbnailUrl":"https:\/\/dieta-fit.eu\/wp-content\/uploads\/2020\/12\/consultatie-nutritionala-initiala-shop-scaled.jpg","datePublished":"2020-12-20T13:47:15+00:00","dateModified":"2021-05-13T11:59:42+00:00","description":"Assistance, food diary, knowing the lifestyle and  food preferences, preparation and transmission of the nutrition plan","breadcrumb":{"@id":"https:\/\/dieta-fit.eu\/product\/consultatie-nutritionala-initiala\/#breadcrumb"},"inLanguage":"en-US","potentialAction":[{"@type":"ReadAction","target":["https:\/\/dieta-fit.eu\/product\/consultatie-nutritionala-initiala\/"]}]},{"@type":"ImageObject","inLanguage":"en-US","@id":"https:\/\/dieta-fit.eu\/product\/consultatie-nutritionala-initiala\/#primaryimage","url":"https:\/\/dieta-fit.eu\/wp-content\/uploads\/2020\/12\/consultatie-nutritionala-initiala-shop-scaled.jpg","contentUrl":"https:\/\/dieta-fit.eu\/wp-content\/uploads\/2020\/12\/consultatie-nutritionala-initiala-shop-scaled.jpg","width":2560,"height":1700,"caption":"consultatie-nutritionala"},{"@type":"BreadcrumbList","@id":"https:\/\/dieta-fit.eu\/product\/consultatie-nutritionala-initiala\/#breadcrumb","itemListElement":[{"@type":"ListItem","position":1,"name":"Home","item":"https:\/\/dieta-fit.eu\/"},{"@type":"ListItem","position":2,"name":"SHOP","item":"https:\/\/dieta-fit.eu\/en\/shop\/"},{"@type":"ListItem","position":3,"name":"Consulta\u021bie nutri\u021bional\u0103 ini\u021bial\u0103"}]},{"@type":"WebSite","@id":"https:\/\/dieta-fit.eu\/en\/#website","url":"https:\/\/dieta-fit.eu\/en\/","name":"Diana Serghe","description":"Connect yourself to a healthy life through nutrition","publisher":{"@id":"https:\/\/dieta-fit.eu\/en\/#organization"},"potentialAction":[{"@type":"SearchAction","target":{"@type":"EntryPoint","urlTemplate":"https:\/\/dieta-fit.eu\/en\/?s={search_term_string}"},"query-input":"required name=search_term_string"}],"inLanguage":"en-US"},{"@type":"Organization","@id":"https:\/\/dieta-fit.eu\/en\/#organization","name":"Online Nutritionist","url":"https:\/\/dieta-fit.eu\/en\/","logo":{"@type":"ImageObject","inLanguage":"en-US","@id":"https:\/\/dieta-fit.eu\/en\/#\/schema\/logo\/image\/","url":"https:\/\/dieta-fit.eu\/wp-content\/uploads\/2020\/12\/Logo3-1.png","contentUrl":"https:\/\/dieta-fit.eu\/wp-content\/uploads\/2020\/12\/Logo3-1.png","width":1400,"height":2047,"caption":"Nutri\u021bionist Online"},"image":{"@id":"https:\/\/dieta-fit.eu\/en\/#\/schema\/logo\/image\/"},"sameAs":["https:\/\/www.facebook.com\/Nutritie\/","https:\/\/www.instagram.com\/nutritie.dieta.fit\/"]}]}},"uagb_featured_image_src":{"full":["https:\/\/dieta-fit.eu\/wp-content\/uploads\/2020\/12\/consultatie-nutritionala-initiala-shop-scaled.jpg",2560,1700,false],"thumbnail":["https:\/\/dieta-fit.eu\/wp-content\/uploads\/2020\/12\/consultatie-nutritionala-initiala-shop-150x150.jpg",150,150,true],"medium":["https:\/\/dieta-fit.eu\/wp-content\/uploads\/2020\/12\/consultatie-nutritionala-initiala-shop-300x199.jpg",300,199,true],"medium_large":["https:\/\/dieta-fit.eu\/wp-content\/uploads\/2020\/12\/consultatie-nutritionala-initiala-shop-768x510.jpg",768,510,true],"large":["https:\/\/dieta-fit.eu\/wp-content\/uploads\/2020\/12\/consultatie-nutritionala-initiala-shop-1024x680.jpg",1024,680,true],"1536x1536":["https:\/\/dieta-fit.eu\/wp-content\/uploads\/2020\/12\/consultatie-nutritionala-initiala-shop-1536x1020.jpg",1536,1020,true],"2048x2048":["https:\/\/dieta-fit.eu\/wp-content\/uploads\/2020\/12\/consultatie-nutritionala-initiala-shop-2048x1360.jpg",2048,1360,true],"trp-custom-language-flag":["https:\/\/dieta-fit.eu\/wp-content\/uploads\/2020\/12\/consultatie-nutritionala-initiala-shop-16x12.jpg",16,12,true],"shareaholic-thumbnail":["https:\/\/dieta-fit.eu\/wp-content\/uploads\/2020\/12\/consultatie-nutritionala-initiala-shop-scaled.jpg",640,425,false],"woocommerce_thumbnail":["https:\/\/dieta-fit.eu\/wp-content\/uploads\/2020\/12\/consultatie-nutritionala-initiala-shop-300x300.jpg",300,300,true],"woocommerce_single":["https:\/\/dieta-fit.eu\/wp-content\/uploads\/2020\/12\/consultatie-nutritionala-initiala-shop-600x398.jpg",600,398,true],"woocommerce_gallery_thumbnail":["https:\/\/dieta-fit.eu\/wp-content\/uploads\/2020\/12\/consultatie-nutritionala-initiala-shop-100x100.jpg",100,100,true]},"uagb_author_info":{"display_name":"dianessa","author_link":"https:\/\/dieta-fit.eu\/en\/author\/"},"uagb_comment_info":2,"uagb_excerpt":"Asisten\u021ba, jurnalul alimentar, cunoasterea stilului de via\u021b\u0103 \u0219i a preferin\u021belor alimentare, \u00eentocmirea \u0219i transmiterea planului nutri\u021bional.","_links":{"self":[{"href":"https:\/\/dieta-fit.eu\/en\/wp-json\/wp\/v2\/product\/2059"}],"collection":[{"href":"https:\/\/dieta-fit.eu\/en\/wp-json\/wp\/v2\/product"}],"about":[{"href":"https:\/\/dieta-fit.eu\/en\/wp-json\/wp\/v2\/types\/product"}],"replies":[{"embeddable":true,"href":"https:\/\/dieta-fit.eu\/en\/wp-json\/wp\/v2\/comments?post=2059"}],"wp:featuredmedia":[{"embeddable":true,"href":"https:\/\/dieta-fit.eu\/en\/wp-json\/wp\/v2\/media\/2060"}],"wp:attachment":[{"href":"https:\/\/dieta-fit.eu\/en\/wp-json\/wp\/v2\/media?parent=2059"}],"wp:term":[{"taxonomy":"product_cat","embeddable":true,"href":"https:\/\/dieta-fit.eu\/en\/wp-json\/wp\/v2\/product_cat?post=2059"},{"taxonomy":"product_tag","embeddable":true,"href":"https:\/\/dieta-fit.eu\/en\/wp-json\/wp\/v2\/product_tag?post=2059"}],"curies":[{"name":"wp","href":"https:\/\/api.w.org\/{rel}","templated":true}]}}