{"id":2066,"date":"2020-12-20T13:55:44","date_gmt":"2020-12-20T13:55:44","guid":{"rendered":"https:\/\/dieta-fit.eu\/?post_type=product&#038;p=2066"},"modified":"2022-07-21T19:15:32","modified_gmt":"2022-07-21T19:15:32","slug":"consultatie-nutritionala-monitorizare","status":"publish","type":"product","link":"https:\/\/dieta-fit.eu\/en\/product\/consultatie-nutritionala-monitorizare\/","title":{"rendered":"Nutritional consultation - monitoring"},"content":{"rendered":"<ul>\n<li>45 minutes evaluation and progress - existing customer *<\/li>\n<li>Revizuirea planului nutri\u021bional personalizat oferit dupa prima \u0219edin\u021b\u0103<\/li>\n<li>Coaching and redefining the goal<\/li>\n<li>Pauz\u0103 maxim\u0103 \u00eentre sesiuni \u2013 6 s\u0103pt\u0103m\u00e2ni<\/li>\n<\/ul>\n<p>This product is only for existing clients.<\/p>","protected":false},"excerpt":{"rendered":"<p>Evaluation, reviewing the nutritional plan, coaching and redefining the goal.<\/p>","protected":false},"featured_media":2067,"comment_status":"closed","ping_status":"closed","template":"","meta":{"_uag_custom_page_level_css":""},"product_cat":[15],"product_tag":[],"yoast_head":"<!-- This site is optimized with the Yoast SEO plugin v22.6 - https:\/\/yoast.com\/wordpress\/plugins\/seo\/ -->\n<title>Consulta\u021bie nutri\u021bional\u0103 - monitorizare - Diana Serghe<\/title>\n<meta name=\"description\" content=\"Evaluare, revizuirea planului nutri\u021bional, coaching \u0219i redefinirea scopului.\" \/>\n<meta name=\"robots\" content=\"index, follow, max-snippet:-1, max-image-preview:large, max-video-preview:-1\" \/>\n<link rel=\"canonical\" href=\"https:\/\/dieta-fit.eu\/en\/product\/consultatie-nutritionala-monitorizare\/\" \/>\n<meta property=\"og:locale\" content=\"en_US\" \/>\n<meta property=\"og:type\" content=\"article\" \/>\n<meta property=\"og:title\" content=\"Consulta\u021bie nutri\u021bional\u0103 - monitorizare - Diana Serghe\" \/>\n<meta property=\"og:description\" content=\"Evaluare, revizuirea planului nutri\u021bional, coaching \u0219i redefinirea scopului.\" \/>\n<meta property=\"og:url\" content=\"https:\/\/dieta-fit.eu\/en\/product\/consultatie-nutritionala-monitorizare\/\" \/>\n<meta property=\"og:site_name\" content=\"Diana Serghe\" \/>\n<meta property=\"article:publisher\" content=\"https:\/\/www.facebook.com\/Nutritie\/\" \/>\n<meta property=\"article:modified_time\" content=\"2022-07-21T19:15:32+00:00\" \/>\n<meta property=\"og:image\" content=\"https:\/\/dieta-fit.eu\/wp-content\/uploads\/2020\/12\/consultatie-nutritionala-monitorizare-shop-scaled.jpg\" \/>\n\t<meta property=\"og:image:width\" content=\"2560\" \/>\n\t<meta property=\"og:image:height\" content=\"1707\" \/>\n\t<meta property=\"og:image:type\" content=\"image\/jpeg\" \/>\n<meta name=\"twitter:card\" content=\"summary_large_image\" \/>\n<meta name=\"twitter:label1\" content=\"Est. reading time\" \/>\n\t<meta name=\"twitter:data1\" content=\"1 minute\" \/>\n<script type=\"application\/ld+json\" class=\"yoast-schema-graph\">{\"@context\":\"https:\/\/schema.org\",\"@graph\":[{\"@type\":\"WebPage\",\"@id\":\"https:\/\/dieta-fit.eu\/product\/consultatie-nutritionala-monitorizare\/\",\"url\":\"https:\/\/dieta-fit.eu\/product\/consultatie-nutritionala-monitorizare\/\",\"name\":\"Consulta\u021bie nutri\u021bional\u0103 - monitorizare - Diana Serghe\",\"isPartOf\":{\"@id\":\"https:\/\/dieta-fit.eu\/en\/#website\"},\"primaryImageOfPage\":{\"@id\":\"https:\/\/dieta-fit.eu\/product\/consultatie-nutritionala-monitorizare\/#primaryimage\"},\"image\":{\"@id\":\"https:\/\/dieta-fit.eu\/product\/consultatie-nutritionala-monitorizare\/#primaryimage\"},\"thumbnailUrl\":\"https:\/\/dieta-fit.eu\/wp-content\/uploads\/2020\/12\/consultatie-nutritionala-monitorizare-shop-scaled.jpg\",\"datePublished\":\"2020-12-20T13:55:44+00:00\",\"dateModified\":\"2022-07-21T19:15:32+00:00\",\"description\":\"Evaluare, revizuirea planului nutri\u021bional, coaching \u0219i redefinirea scopului.\",\"breadcrumb\":{\"@id\":\"https:\/\/dieta-fit.eu\/product\/consultatie-nutritionala-monitorizare\/#breadcrumb\"},\"inLanguage\":\"en-US\",\"potentialAction\":[{\"@type\":\"ReadAction\",\"target\":[\"https:\/\/dieta-fit.eu\/product\/consultatie-nutritionala-monitorizare\/\"]}]},{\"@type\":\"ImageObject\",\"inLanguage\":\"en-US\",\"@id\":\"https:\/\/dieta-fit.eu\/product\/consultatie-nutritionala-monitorizare\/#primaryimage\",\"url\":\"https:\/\/dieta-fit.eu\/wp-content\/uploads\/2020\/12\/consultatie-nutritionala-monitorizare-shop-scaled.jpg\",\"contentUrl\":\"https:\/\/dieta-fit.eu\/wp-content\/uploads\/2020\/12\/consultatie-nutritionala-monitorizare-shop-scaled.jpg\",\"width\":2560,\"height\":1707,\"caption\":\"consultatie-nutritionala\"},{\"@type\":\"BreadcrumbList\",\"@id\":\"https:\/\/dieta-fit.eu\/product\/consultatie-nutritionala-monitorizare\/#breadcrumb\",\"itemListElement\":[{\"@type\":\"ListItem\",\"position\":1,\"name\":\"Home\",\"item\":\"https:\/\/dieta-fit.eu\/\"},{\"@type\":\"ListItem\",\"position\":2,\"name\":\"SHOP\",\"item\":\"https:\/\/dieta-fit.eu\/en\/shop\/\"},{\"@type\":\"ListItem\",\"position\":3,\"name\":\"Consulta\u021bie nutri\u021bional\u0103 &#8211; monitorizare\"}]},{\"@type\":\"WebSite\",\"@id\":\"https:\/\/dieta-fit.eu\/en\/#website\",\"url\":\"https:\/\/dieta-fit.eu\/en\/\",\"name\":\"Diana Serghe\",\"description\":\"Conectarea la s\u0103n\u0103tate prin nutri\u021bie\",\"publisher\":{\"@id\":\"https:\/\/dieta-fit.eu\/en\/#organization\"},\"potentialAction\":[{\"@type\":\"SearchAction\",\"target\":{\"@type\":\"EntryPoint\",\"urlTemplate\":\"https:\/\/dieta-fit.eu\/en\/?s={search_term_string}\"},\"query-input\":\"required name=search_term_string\"}],\"inLanguage\":\"en-US\"},{\"@type\":\"Organization\",\"@id\":\"https:\/\/dieta-fit.eu\/en\/#organization\",\"name\":\"Nutri\u021bionist Online\",\"url\":\"https:\/\/dieta-fit.eu\/en\/\",\"logo\":{\"@type\":\"ImageObject\",\"inLanguage\":\"en-US\",\"@id\":\"https:\/\/dieta-fit.eu\/en\/#\/schema\/logo\/image\/\",\"url\":\"https:\/\/dieta-fit.eu\/wp-content\/uploads\/2020\/12\/Logo3-1.png\",\"contentUrl\":\"https:\/\/dieta-fit.eu\/wp-content\/uploads\/2020\/12\/Logo3-1.png\",\"width\":1400,\"height\":2047,\"caption\":\"Nutri\u021bionist Online\"},\"image\":{\"@id\":\"https:\/\/dieta-fit.eu\/en\/#\/schema\/logo\/image\/\"},\"sameAs\":[\"https:\/\/www.facebook.com\/Nutritie\/\",\"https:\/\/www.instagram.com\/nutritie.dieta.fit\/\"]}]}<\/script>\n<!-- \/ Yoast SEO plugin. -->","yoast_head_json":{"title":"Consulta\u021bie nutri\u021bional\u0103 - monitorizare - Diana Serghe","description":"Evaluation, reviewing the nutritional plan, coaching and redefining the goal.","robots":{"index":"index","follow":"follow","max-snippet":"max-snippet:-1","max-image-preview":"max-image-preview:large","max-video-preview":"max-video-preview:-1"},"canonical":"https:\/\/dieta-fit.eu\/en\/product\/consultatie-nutritionala-monitorizare\/","og_locale":"en_US","og_type":"article","og_title":"Consulta\u021bie nutri\u021bional\u0103 - monitorizare - Diana Serghe","og_description":"Evaluare, revizuirea planului nutri\u021bional, coaching \u0219i redefinirea scopului.","og_url":"https:\/\/dieta-fit.eu\/en\/product\/consultatie-nutritionala-monitorizare\/","og_site_name":"Diana Serghe","article_publisher":"https:\/\/www.facebook.com\/Nutritie\/","article_modified_time":"2022-07-21T19:15:32+00:00","og_image":[{"width":2560,"height":1707,"url":"https:\/\/dieta-fit.eu\/wp-content\/uploads\/2020\/12\/consultatie-nutritionala-monitorizare-shop-scaled.jpg","type":"image\/jpeg"}],"twitter_card":"summary_large_image","twitter_misc":{"Est. reading time":"1 minute"},"schema":{"@context":"https:\/\/schema.org","@graph":[{"@type":"WebPage","@id":"https:\/\/dieta-fit.eu\/product\/consultatie-nutritionala-monitorizare\/","url":"https:\/\/dieta-fit.eu\/product\/consultatie-nutritionala-monitorizare\/","name":"Consulta\u021bie nutri\u021bional\u0103 - monitorizare - Diana Serghe","isPartOf":{"@id":"https:\/\/dieta-fit.eu\/en\/#website"},"primaryImageOfPage":{"@id":"https:\/\/dieta-fit.eu\/product\/consultatie-nutritionala-monitorizare\/#primaryimage"},"image":{"@id":"https:\/\/dieta-fit.eu\/product\/consultatie-nutritionala-monitorizare\/#primaryimage"},"thumbnailUrl":"https:\/\/dieta-fit.eu\/wp-content\/uploads\/2020\/12\/consultatie-nutritionala-monitorizare-shop-scaled.jpg","datePublished":"2020-12-20T13:55:44+00:00","dateModified":"2022-07-21T19:15:32+00:00","description":"Evaluation, reviewing the nutritional plan, coaching and redefining the goal.","breadcrumb":{"@id":"https:\/\/dieta-fit.eu\/product\/consultatie-nutritionala-monitorizare\/#breadcrumb"},"inLanguage":"en-US","potentialAction":[{"@type":"ReadAction","target":["https:\/\/dieta-fit.eu\/product\/consultatie-nutritionala-monitorizare\/"]}]},{"@type":"ImageObject","inLanguage":"en-US","@id":"https:\/\/dieta-fit.eu\/product\/consultatie-nutritionala-monitorizare\/#primaryimage","url":"https:\/\/dieta-fit.eu\/wp-content\/uploads\/2020\/12\/consultatie-nutritionala-monitorizare-shop-scaled.jpg","contentUrl":"https:\/\/dieta-fit.eu\/wp-content\/uploads\/2020\/12\/consultatie-nutritionala-monitorizare-shop-scaled.jpg","width":2560,"height":1707,"caption":"consultatie-nutritionala"},{"@type":"BreadcrumbList","@id":"https:\/\/dieta-fit.eu\/product\/consultatie-nutritionala-monitorizare\/#breadcrumb","itemListElement":[{"@type":"ListItem","position":1,"name":"Home","item":"https:\/\/dieta-fit.eu\/"},{"@type":"ListItem","position":2,"name":"SHOP","item":"https:\/\/dieta-fit.eu\/en\/shop\/"},{"@type":"ListItem","position":3,"name":"Consulta\u021bie nutri\u021bional\u0103 &#8211; monitorizare"}]},{"@type":"WebSite","@id":"https:\/\/dieta-fit.eu\/en\/#website","url":"https:\/\/dieta-fit.eu\/en\/","name":"Diana Serghe","description":"Connect yourself to a healthy life through nutrition","publisher":{"@id":"https:\/\/dieta-fit.eu\/en\/#organization"},"potentialAction":[{"@type":"SearchAction","target":{"@type":"EntryPoint","urlTemplate":"https:\/\/dieta-fit.eu\/en\/?s={search_term_string}"},"query-input":"required name=search_term_string"}],"inLanguage":"en-US"},{"@type":"Organization","@id":"https:\/\/dieta-fit.eu\/en\/#organization","name":"Online Nutritionist","url":"https:\/\/dieta-fit.eu\/en\/","logo":{"@type":"ImageObject","inLanguage":"en-US","@id":"https:\/\/dieta-fit.eu\/en\/#\/schema\/logo\/image\/","url":"https:\/\/dieta-fit.eu\/wp-content\/uploads\/2020\/12\/Logo3-1.png","contentUrl":"https:\/\/dieta-fit.eu\/wp-content\/uploads\/2020\/12\/Logo3-1.png","width":1400,"height":2047,"caption":"Nutri\u021bionist Online"},"image":{"@id":"https:\/\/dieta-fit.eu\/en\/#\/schema\/logo\/image\/"},"sameAs":["https:\/\/www.facebook.com\/Nutritie\/","https:\/\/www.instagram.com\/nutritie.dieta.fit\/"]}]}},"uagb_featured_image_src":{"full":["https:\/\/dieta-fit.eu\/wp-content\/uploads\/2020\/12\/consultatie-nutritionala-monitorizare-shop-scaled.jpg",2560,1707,false],"thumbnail":["https:\/\/dieta-fit.eu\/wp-content\/uploads\/2020\/12\/consultatie-nutritionala-monitorizare-shop-150x150.jpg",150,150,true],"medium":["https:\/\/dieta-fit.eu\/wp-content\/uploads\/2020\/12\/consultatie-nutritionala-monitorizare-shop-300x200.jpg",300,200,true],"medium_large":["https:\/\/dieta-fit.eu\/wp-content\/uploads\/2020\/12\/consultatie-nutritionala-monitorizare-shop-768x512.jpg",768,512,true],"large":["https:\/\/dieta-fit.eu\/wp-content\/uploads\/2020\/12\/consultatie-nutritionala-monitorizare-shop-1024x683.jpg",1024,683,true],"1536x1536":["https:\/\/dieta-fit.eu\/wp-content\/uploads\/2020\/12\/consultatie-nutritionala-monitorizare-shop-1536x1024.jpg",1536,1024,true],"2048x2048":["https:\/\/dieta-fit.eu\/wp-content\/uploads\/2020\/12\/consultatie-nutritionala-monitorizare-shop-2048x1365.jpg",2048,1365,true],"trp-custom-language-flag":["https:\/\/dieta-fit.eu\/wp-content\/uploads\/2020\/12\/consultatie-nutritionala-monitorizare-shop-16x12.jpg",16,12,true],"shareaholic-thumbnail":["https:\/\/dieta-fit.eu\/wp-content\/uploads\/2020\/12\/consultatie-nutritionala-monitorizare-shop-scaled.jpg",640,427,false],"woocommerce_thumbnail":["https:\/\/dieta-fit.eu\/wp-content\/uploads\/2020\/12\/consultatie-nutritionala-monitorizare-shop-300x300.jpg",300,300,true],"woocommerce_single":["https:\/\/dieta-fit.eu\/wp-content\/uploads\/2020\/12\/consultatie-nutritionala-monitorizare-shop-600x400.jpg",600,400,true],"woocommerce_gallery_thumbnail":["https:\/\/dieta-fit.eu\/wp-content\/uploads\/2020\/12\/consultatie-nutritionala-monitorizare-shop-100x100.jpg",100,100,true]},"uagb_author_info":{"display_name":"dianessa","author_link":"https:\/\/dieta-fit.eu\/en\/author\/"},"uagb_comment_info":1,"uagb_excerpt":"Evaluare, revizuirea planului nutri\u021bional, coaching \u0219i redefinirea scopului.","_links":{"self":[{"href":"https:\/\/dieta-fit.eu\/en\/wp-json\/wp\/v2\/product\/2066"}],"collection":[{"href":"https:\/\/dieta-fit.eu\/en\/wp-json\/wp\/v2\/product"}],"about":[{"href":"https:\/\/dieta-fit.eu\/en\/wp-json\/wp\/v2\/types\/product"}],"replies":[{"embeddable":true,"href":"https:\/\/dieta-fit.eu\/en\/wp-json\/wp\/v2\/comments?post=2066"}],"wp:featuredmedia":[{"embeddable":true,"href":"https:\/\/dieta-fit.eu\/en\/wp-json\/wp\/v2\/media\/2067"}],"wp:attachment":[{"href":"https:\/\/dieta-fit.eu\/en\/wp-json\/wp\/v2\/media?parent=2066"}],"wp:term":[{"taxonomy":"product_cat","embeddable":true,"href":"https:\/\/dieta-fit.eu\/en\/wp-json\/wp\/v2\/product_cat?post=2066"},{"taxonomy":"product_tag","embeddable":true,"href":"https:\/\/dieta-fit.eu\/en\/wp-json\/wp\/v2\/product_tag?post=2066"}],"curies":[{"name":"wp","href":"https:\/\/api.w.org\/{rel}","templated":true}]}}