{"id":2077,"date":"2020-12-20T14:58:44","date_gmt":"2020-12-20T14:58:44","guid":{"rendered":"https:\/\/dieta-fit.eu\/?post_type=product&#038;p=2077"},"modified":"2021-01-03T12:57:07","modified_gmt":"2021-01-03T12:57:07","slug":"pachetul-silver","status":"publish","type":"product","link":"https:\/\/dieta-fit.eu\/en\/product\/pachetul-silver\/","title":{"rendered":"SILVER package"},"content":{"rendered":"<ul>\n<li>Completing the medical history and food diary<\/li>\n<li>1x initial online session (60 minutes)<\/li>\n<li>2x online monitoring and evaluation session (45 minutes)<\/li>\n<li>1x psychonutrition session<\/li>\n<li>Nutritional plan \/ weekly menu<\/li>\n<li>Portion allocation<\/li>\n<li>Coaching, my encouragement to follow the plan customized to your needs<\/li>\n<li>Instructions on food temptations.<\/li>\n<\/ul>\n<p>Duration: 8 weeks<\/p>","protected":false},"excerpt":{"rendered":"<p>Completarea anamnezei \u0219i a jurnalului alimentar 1x sesiune ini\u021bial\u0103 online (60 minute) 2x sesiune monitorizare \u0219i evaluare online ( 45 minute) 1x sesiune psihonutri\u021bie Planul nutri\u021bional \/ meniu s\u0103pt\u0103m\u00e2nal Alocarea por\u021biilor Coaching, \u00eencurajarea mea de a respecta planul personalizat pe nevoile tale Instruc\u021biuni cu privire la tenta\u021biile alimentare. Durata: 8 s\u0103pt\u0103m\u00e2ni<\/p>","protected":false},"featured_media":2078,"comment_status":"closed","ping_status":"closed","template":"","meta":{"_uag_custom_page_level_css":""},"product_cat":[15],"product_tag":[],"yoast_head":"<!-- This site is optimized with the Yoast SEO plugin v22.6 - https:\/\/yoast.com\/wordpress\/plugins\/seo\/ -->\n<title>Pachetul SILVER - Diana Serghe<\/title>\n<meta name=\"description\" content=\"Pachetul SILVER | Durata: 8 s\u0103pt\u0103m\u00e2ni\" \/>\n<meta name=\"robots\" content=\"index, follow, max-snippet:-1, max-image-preview:large, max-video-preview:-1\" \/>\n<link rel=\"canonical\" href=\"https:\/\/dieta-fit.eu\/en\/product\/pachetul-silver\/\" \/>\n<meta property=\"og:locale\" content=\"en_US\" \/>\n<meta property=\"og:type\" content=\"article\" \/>\n<meta property=\"og:title\" content=\"Pachetul SILVER - Diana Serghe\" \/>\n<meta property=\"og:description\" content=\"Pachetul SILVER | Durata: 8 s\u0103pt\u0103m\u00e2ni\" \/>\n<meta property=\"og:url\" content=\"https:\/\/dieta-fit.eu\/en\/product\/pachetul-silver\/\" \/>\n<meta property=\"og:site_name\" content=\"Diana Serghe\" \/>\n<meta property=\"article:publisher\" content=\"https:\/\/www.facebook.com\/Nutritie\/\" \/>\n<meta property=\"article:modified_time\" content=\"2021-01-03T12:57:07+00:00\" \/>\n<meta property=\"og:image\" content=\"https:\/\/dieta-fit.eu\/wp-content\/uploads\/2020\/12\/pachetul-silver-shop-scaled.jpg\" \/>\n\t<meta property=\"og:image:width\" content=\"2560\" \/>\n\t<meta property=\"og:image:height\" content=\"1707\" \/>\n\t<meta property=\"og:image:type\" content=\"image\/jpeg\" \/>\n<meta name=\"twitter:card\" content=\"summary_large_image\" \/>\n<script type=\"application\/ld+json\" class=\"yoast-schema-graph\">{\"@context\":\"https:\/\/schema.org\",\"@graph\":[{\"@type\":\"WebPage\",\"@id\":\"https:\/\/dieta-fit.eu\/product\/pachetul-silver\/\",\"url\":\"https:\/\/dieta-fit.eu\/product\/pachetul-silver\/\",\"name\":\"Pachetul SILVER - Diana Serghe\",\"isPartOf\":{\"@id\":\"https:\/\/dieta-fit.eu\/en\/#website\"},\"primaryImageOfPage\":{\"@id\":\"https:\/\/dieta-fit.eu\/product\/pachetul-silver\/#primaryimage\"},\"image\":{\"@id\":\"https:\/\/dieta-fit.eu\/product\/pachetul-silver\/#primaryimage\"},\"thumbnailUrl\":\"https:\/\/dieta-fit.eu\/wp-content\/uploads\/2020\/12\/pachetul-silver-shop-scaled.jpg\",\"datePublished\":\"2020-12-20T14:58:44+00:00\",\"dateModified\":\"2021-01-03T12:57:07+00:00\",\"description\":\"Pachetul SILVER | Durata: 8 s\u0103pt\u0103m\u00e2ni\",\"breadcrumb\":{\"@id\":\"https:\/\/dieta-fit.eu\/product\/pachetul-silver\/#breadcrumb\"},\"inLanguage\":\"en-US\",\"potentialAction\":[{\"@type\":\"ReadAction\",\"target\":[\"https:\/\/dieta-fit.eu\/product\/pachetul-silver\/\"]}]},{\"@type\":\"ImageObject\",\"inLanguage\":\"en-US\",\"@id\":\"https:\/\/dieta-fit.eu\/product\/pachetul-silver\/#primaryimage\",\"url\":\"https:\/\/dieta-fit.eu\/wp-content\/uploads\/2020\/12\/pachetul-silver-shop-scaled.jpg\",\"contentUrl\":\"https:\/\/dieta-fit.eu\/wp-content\/uploads\/2020\/12\/pachetul-silver-shop-scaled.jpg\",\"width\":2560,\"height\":1707,\"caption\":\"pachetul-silver\"},{\"@type\":\"BreadcrumbList\",\"@id\":\"https:\/\/dieta-fit.eu\/product\/pachetul-silver\/#breadcrumb\",\"itemListElement\":[{\"@type\":\"ListItem\",\"position\":1,\"name\":\"Home\",\"item\":\"https:\/\/dieta-fit.eu\/\"},{\"@type\":\"ListItem\",\"position\":2,\"name\":\"SHOP\",\"item\":\"https:\/\/dieta-fit.eu\/en\/shop\/\"},{\"@type\":\"ListItem\",\"position\":3,\"name\":\"Pachetul SILVER\"}]},{\"@type\":\"WebSite\",\"@id\":\"https:\/\/dieta-fit.eu\/en\/#website\",\"url\":\"https:\/\/dieta-fit.eu\/en\/\",\"name\":\"Diana Serghe\",\"description\":\"Conectarea la s\u0103n\u0103tate prin nutri\u021bie\",\"publisher\":{\"@id\":\"https:\/\/dieta-fit.eu\/en\/#organization\"},\"potentialAction\":[{\"@type\":\"SearchAction\",\"target\":{\"@type\":\"EntryPoint\",\"urlTemplate\":\"https:\/\/dieta-fit.eu\/en\/?s={search_term_string}\"},\"query-input\":\"required name=search_term_string\"}],\"inLanguage\":\"en-US\"},{\"@type\":\"Organization\",\"@id\":\"https:\/\/dieta-fit.eu\/en\/#organization\",\"name\":\"Nutri\u021bionist Online\",\"url\":\"https:\/\/dieta-fit.eu\/en\/\",\"logo\":{\"@type\":\"ImageObject\",\"inLanguage\":\"en-US\",\"@id\":\"https:\/\/dieta-fit.eu\/en\/#\/schema\/logo\/image\/\",\"url\":\"https:\/\/dieta-fit.eu\/wp-content\/uploads\/2020\/12\/Logo3-1.png\",\"contentUrl\":\"https:\/\/dieta-fit.eu\/wp-content\/uploads\/2020\/12\/Logo3-1.png\",\"width\":1400,\"height\":2047,\"caption\":\"Nutri\u021bionist Online\"},\"image\":{\"@id\":\"https:\/\/dieta-fit.eu\/en\/#\/schema\/logo\/image\/\"},\"sameAs\":[\"https:\/\/www.facebook.com\/Nutritie\/\",\"https:\/\/www.instagram.com\/nutritie.dieta.fit\/\"]}]}<\/script>\n<!-- \/ Yoast SEO plugin. -->","yoast_head_json":{"title":"Pachetul SILVER - Diana Serghe","description":"Pachetul SILVER | Durata: 8 s\u0103pt\u0103m\u00e2ni","robots":{"index":"index","follow":"follow","max-snippet":"max-snippet:-1","max-image-preview":"max-image-preview:large","max-video-preview":"max-video-preview:-1"},"canonical":"https:\/\/dieta-fit.eu\/en\/product\/pachetul-silver\/","og_locale":"en_US","og_type":"article","og_title":"Pachetul SILVER - Diana Serghe","og_description":"Pachetul SILVER | Durata: 8 s\u0103pt\u0103m\u00e2ni","og_url":"https:\/\/dieta-fit.eu\/en\/product\/pachetul-silver\/","og_site_name":"Diana Serghe","article_publisher":"https:\/\/www.facebook.com\/Nutritie\/","article_modified_time":"2021-01-03T12:57:07+00:00","og_image":[{"width":2560,"height":1707,"url":"https:\/\/dieta-fit.eu\/wp-content\/uploads\/2020\/12\/pachetul-silver-shop-scaled.jpg","type":"image\/jpeg"}],"twitter_card":"summary_large_image","schema":{"@context":"https:\/\/schema.org","@graph":[{"@type":"WebPage","@id":"https:\/\/dieta-fit.eu\/product\/pachetul-silver\/","url":"https:\/\/dieta-fit.eu\/product\/pachetul-silver\/","name":"Pachetul SILVER - Diana Serghe","isPartOf":{"@id":"https:\/\/dieta-fit.eu\/en\/#website"},"primaryImageOfPage":{"@id":"https:\/\/dieta-fit.eu\/product\/pachetul-silver\/#primaryimage"},"image":{"@id":"https:\/\/dieta-fit.eu\/product\/pachetul-silver\/#primaryimage"},"thumbnailUrl":"https:\/\/dieta-fit.eu\/wp-content\/uploads\/2020\/12\/pachetul-silver-shop-scaled.jpg","datePublished":"2020-12-20T14:58:44+00:00","dateModified":"2021-01-03T12:57:07+00:00","description":"Pachetul SILVER | Durata: 8 s\u0103pt\u0103m\u00e2ni","breadcrumb":{"@id":"https:\/\/dieta-fit.eu\/product\/pachetul-silver\/#breadcrumb"},"inLanguage":"en-US","potentialAction":[{"@type":"ReadAction","target":["https:\/\/dieta-fit.eu\/product\/pachetul-silver\/"]}]},{"@type":"ImageObject","inLanguage":"en-US","@id":"https:\/\/dieta-fit.eu\/product\/pachetul-silver\/#primaryimage","url":"https:\/\/dieta-fit.eu\/wp-content\/uploads\/2020\/12\/pachetul-silver-shop-scaled.jpg","contentUrl":"https:\/\/dieta-fit.eu\/wp-content\/uploads\/2020\/12\/pachetul-silver-shop-scaled.jpg","width":2560,"height":1707,"caption":"pachetul-silver"},{"@type":"BreadcrumbList","@id":"https:\/\/dieta-fit.eu\/product\/pachetul-silver\/#breadcrumb","itemListElement":[{"@type":"ListItem","position":1,"name":"Home","item":"https:\/\/dieta-fit.eu\/"},{"@type":"ListItem","position":2,"name":"SHOP","item":"https:\/\/dieta-fit.eu\/en\/shop\/"},{"@type":"ListItem","position":3,"name":"Pachetul SILVER"}]},{"@type":"WebSite","@id":"https:\/\/dieta-fit.eu\/en\/#website","url":"https:\/\/dieta-fit.eu\/en\/","name":"Diana Serghe","description":"Connect yourself to a healthy life through nutrition","publisher":{"@id":"https:\/\/dieta-fit.eu\/en\/#organization"},"potentialAction":[{"@type":"SearchAction","target":{"@type":"EntryPoint","urlTemplate":"https:\/\/dieta-fit.eu\/en\/?s={search_term_string}"},"query-input":"required name=search_term_string"}],"inLanguage":"en-US"},{"@type":"Organization","@id":"https:\/\/dieta-fit.eu\/en\/#organization","name":"Online Nutritionist","url":"https:\/\/dieta-fit.eu\/en\/","logo":{"@type":"ImageObject","inLanguage":"en-US","@id":"https:\/\/dieta-fit.eu\/en\/#\/schema\/logo\/image\/","url":"https:\/\/dieta-fit.eu\/wp-content\/uploads\/2020\/12\/Logo3-1.png","contentUrl":"https:\/\/dieta-fit.eu\/wp-content\/uploads\/2020\/12\/Logo3-1.png","width":1400,"height":2047,"caption":"Nutri\u021bionist Online"},"image":{"@id":"https:\/\/dieta-fit.eu\/en\/#\/schema\/logo\/image\/"},"sameAs":["https:\/\/www.facebook.com\/Nutritie\/","https:\/\/www.instagram.com\/nutritie.dieta.fit\/"]}]}},"uagb_featured_image_src":{"full":["https:\/\/dieta-fit.eu\/wp-content\/uploads\/2020\/12\/pachetul-silver-shop-scaled.jpg",2560,1707,false],"thumbnail":["https:\/\/dieta-fit.eu\/wp-content\/uploads\/2020\/12\/pachetul-silver-shop-150x150.jpg",150,150,true],"medium":["https:\/\/dieta-fit.eu\/wp-content\/uploads\/2020\/12\/pachetul-silver-shop-300x200.jpg",300,200,true],"medium_large":["https:\/\/dieta-fit.eu\/wp-content\/uploads\/2020\/12\/pachetul-silver-shop-768x512.jpg",768,512,true],"large":["https:\/\/dieta-fit.eu\/wp-content\/uploads\/2020\/12\/pachetul-silver-shop-1024x683.jpg",1024,683,true],"1536x1536":["https:\/\/dieta-fit.eu\/wp-content\/uploads\/2020\/12\/pachetul-silver-shop-1536x1024.jpg",1536,1024,true],"2048x2048":["https:\/\/dieta-fit.eu\/wp-content\/uploads\/2020\/12\/pachetul-silver-shop-2048x1365.jpg",2048,1365,true],"trp-custom-language-flag":["https:\/\/dieta-fit.eu\/wp-content\/uploads\/2020\/12\/pachetul-silver-shop-16x12.jpg",16,12,true],"shareaholic-thumbnail":["https:\/\/dieta-fit.eu\/wp-content\/uploads\/2020\/12\/pachetul-silver-shop-scaled.jpg",640,427,false],"woocommerce_thumbnail":["https:\/\/dieta-fit.eu\/wp-content\/uploads\/2020\/12\/pachetul-silver-shop-300x300.jpg",300,300,true],"woocommerce_single":["https:\/\/dieta-fit.eu\/wp-content\/uploads\/2020\/12\/pachetul-silver-shop-600x400.jpg",600,400,true],"woocommerce_gallery_thumbnail":["https:\/\/dieta-fit.eu\/wp-content\/uploads\/2020\/12\/pachetul-silver-shop-100x100.jpg",100,100,true]},"uagb_author_info":{"display_name":"dianessa","author_link":"https:\/\/dieta-fit.eu\/en\/author\/"},"uagb_comment_info":0,"uagb_excerpt":"Completarea anamnezei \u0219i a jurnalului alimentar 1x sesiune ini\u021bial\u0103 online (60 minute) 2x sesiune monitorizare \u0219i evaluare online ( 45 minute) 1x sesiune psihonutri\u021bie Planul nutri\u021bional \/ meniu s\u0103pt\u0103m\u00e2nal Alocarea por\u021biilor Coaching, \u00eencurajarea mea de a respecta planul personalizat pe nevoile tale Instruc\u021biuni cu privire la tenta\u021biile alimentare. Durata: 8 s\u0103pt\u0103m\u00e2ni","_links":{"self":[{"href":"https:\/\/dieta-fit.eu\/en\/wp-json\/wp\/v2\/product\/2077"}],"collection":[{"href":"https:\/\/dieta-fit.eu\/en\/wp-json\/wp\/v2\/product"}],"about":[{"href":"https:\/\/dieta-fit.eu\/en\/wp-json\/wp\/v2\/types\/product"}],"replies":[{"embeddable":true,"href":"https:\/\/dieta-fit.eu\/en\/wp-json\/wp\/v2\/comments?post=2077"}],"wp:featuredmedia":[{"embeddable":true,"href":"https:\/\/dieta-fit.eu\/en\/wp-json\/wp\/v2\/media\/2078"}],"wp:attachment":[{"href":"https:\/\/dieta-fit.eu\/en\/wp-json\/wp\/v2\/media?parent=2077"}],"wp:term":[{"taxonomy":"product_cat","embeddable":true,"href":"https:\/\/dieta-fit.eu\/en\/wp-json\/wp\/v2\/product_cat?post=2077"},{"taxonomy":"product_tag","embeddable":true,"href":"https:\/\/dieta-fit.eu\/en\/wp-json\/wp\/v2\/product_tag?post=2077"}],"curies":[{"name":"wp","href":"https:\/\/api.w.org\/{rel}","templated":true}]}}